{"id":31,"date":"2014-03-18T11:31:06","date_gmt":"2014-03-18T11:31:06","guid":{"rendered":"http:\/\/demo.themegrill.com\/spacious\/?page_id=31"},"modified":"2023-01-13T20:36:40","modified_gmt":"2023-01-13T20:36:40","slug":"contact-us","status":"publish","type":"page","link":"https:\/\/turisticosdetexmelucan.com\/index.php\/contact-us\/","title":{"rendered":"Contact Us"},"content":{"rendered":"\n<p>This contact form is created using <a href=\"https:\/\/wordpress.org\/plugins\/everest-forms\/\" rel=\"noopener noreferrer nofollow\">Everest Forms<\/a>. <\/p>\n\n\n<div class=\"everest-forms\"><\/div>\n\n<div class=\"everest-forms\"><div class=\"evf-container default\" id=\"evf-590\"><form id=\"evf-form-590\" class=\"everest-form\" data-formid=\"590\" data-ajax_submission=\"0\" data-keyboard_friendly_form=\"0\" method=\"post\" enctype=\"multipart\/form-data\" action=\"\/index.php\/wp-json\/wp\/v2\/pages\/31\"><div class=\"evf-field-container\"><input type=\"hidden\" id=\"_wpnonce590\" name=\"_wpnonce590\" value=\"5f9a61f365\" \/><input type=\"hidden\" name=\"_wp_http_referer\" value=\"\/index.php\/wp-json\/wp\/v2\/pages\/31\" \/><div class=\"evf-frontend-row\" data-row=\"row_1\" conditional_rules=\"[]\"><div class=\"evf-frontend-grid evf-grid-1\" data-grid=\"grid_1\"><div id=\"evf-590-field_ys0GeZISRs-1-container\" class=\"evf-field evf-field-first-name form-row validate-required\" data-required-field-message=\"Este campo es obligatorio.\" data-field-id=\"ys0GeZISRs-1\"><label class=\"evf-field-label\" for=\"evf-590-field_ys0GeZISRs-1\"><span class=\"evf-label\">Nombre<\/span> <abbr class=\"required\" title=\"Obligatorio\">*<\/abbr><\/label><input type=\"text\" id=\"evf-590-field_ys0GeZISRs-1\" class=\"input-text\" name=\"everest_forms[form_fields][ys0GeZISRs-1]\" required><\/div><div id=\"evf-590-field_LbH5NxasXM-2-container\" class=\"evf-field evf-field-email form-row validate-required validate-email\" data-required-field-message=\"Por favor, usa una direcci\u00f3n de correo electr\u00f3nico v\u00e1lida.\" data-field-id=\"LbH5NxasXM-2\"><label class=\"evf-field-label\" for=\"evf-590-field_LbH5NxasXM-2\"><span class=\"evf-label\">Email<\/span> <abbr class=\"required\" title=\"Obligatorio\">*<\/abbr><\/label><input type=\"email\" id=\"evf-590-field_LbH5NxasXM-2\" class=\"input-text\" name=\"everest_forms[form_fields][LbH5NxasXM-2]\" required ><\/div><div id=\"evf-590-field_66FR384cge-3-container\" class=\"evf-field evf-field-text form-row\" data-field-id=\"66FR384cge-3\"><label class=\"evf-field-label\" for=\"evf-590-field_66FR384cge-3\"><span class=\"evf-label\">Asunto<\/span> <\/label><input type=\"text\" id=\"evf-590-field_66FR384cge-3\" class=\"input-text\" name=\"everest_forms[form_fields][66FR384cge-3]\" ><\/div><div id=\"evf-590-field_yhGx3FOwr2-4-container\" class=\"evf-field evf-field-textarea form-row\" data-field-id=\"yhGx3FOwr2-4\"><label class=\"evf-field-label\" for=\"evf-590-field_yhGx3FOwr2-4\"><span class=\"evf-label\">Mensaje<\/span> <\/label><textarea id=\"evf-590-field_yhGx3FOwr2-4\" class=\"input-text\" name=\"everest_forms[form_fields][yhGx3FOwr2-4]\"  ><\/textarea><\/div><\/div><\/div><\/div><div class=\"evf-honeypot-container evf-field-hp\"><label for=\"evf-590-field-hp\" class=\"evf-field-label\">Website<\/label><input type=\"text\" name=\"everest_forms[hp]\" id=\"evf-590-field-hp\" class=\"input-text\"><\/div><div class=\"evf-submit-container \" ><input type=\"hidden\" name=\"everest_forms[id]\" value=\"590\"><input type=\"hidden\" name=\"everest_forms[author]\" value=\"1\"><button type='submit' name='everest_forms[submit]' class='everest-forms-submit-button button evf-submit ' id='evf-submit-590' value='evf-submit' data-process-text=\"Processing\u2026\" conditional_rules='&quot;&quot;' conditional_id='evf-submit-590'  id=\"evf-submit-590\" aria-live=\"assertive\">Submit<\/button><\/div><\/form><\/div><!-- .evf-container --><\/div>\n\n\n\n<iframe src=\"https:\/\/www.google.com\/maps\/embed?pb=!1m18!1m12!1m3!1d3765.878274912124!2d-98.44432868509561!3d19.287658986966814!2m3!1f0!2f0!3f0!3m2!1i1024!2i768!4f13.1!3m3!1m2!1s0x85cfd487a4bbac73%3A0x4aa0968eef25490!2sTur%C3%ADsticos%20de%20Texmelucan!5e0!3m2!1ses-419!2smx!4v1673640450172!5m2!1ses-419!2smx\" width=\"600\" height=\"450\" style=\"border:0;\" allowfullscreen=\"\" loading=\"lazy\" referrerpolicy=\"no-referrer-when-downgrade\"><\/iframe>\n","protected":false},"excerpt":{"rendered":"<p>This contact form is created using Everest Forms.<\/p>\n","protected":false},"author":1,"featured_media":0,"parent":0,"menu_order":0,"comment_status":"open","ping_status":"closed","template":"page-templates\/contact.php","meta":{"footnotes":""},"class_list":["post-31","page","type-page","status-publish","hentry"],"yoast_head":"<!-- This site is optimized with the Yoast SEO plugin v21.8 - https:\/\/yoast.com\/wordpress\/plugins\/seo\/ -->\n<title>Contact Us - Tur\u00edsticos de Texmelucan<\/title>\n<meta name=\"robots\" content=\"index, follow, max-snippet:-1, max-image-preview:large, max-video-preview:-1\" \/>\n<link rel=\"canonical\" href=\"https:\/\/turisticosdetexmelucan.com\/index.php\/contact-us\/\" \/>\n<meta property=\"og:locale\" content=\"es_MX\" \/>\n<meta property=\"og:type\" content=\"article\" \/>\n<meta property=\"og:title\" content=\"Contact Us - Tur\u00edsticos de Texmelucan\" \/>\n<meta property=\"og:description\" content=\"This contact form is created using Everest Forms.\" \/>\n<meta property=\"og:url\" content=\"https:\/\/turisticosdetexmelucan.com\/index.php\/contact-us\/\" \/>\n<meta property=\"og:site_name\" content=\"Tur\u00edsticos de Texmelucan\" \/>\n<meta property=\"article:modified_time\" content=\"2023-01-13T20:36:40+00:00\" \/>\n<meta name=\"twitter:card\" content=\"summary_large_image\" \/>\n<meta name=\"twitter:label1\" content=\"Tiempo de lectura\" \/>\n\t<meta name=\"twitter:data1\" content=\"1 minuto\" \/>\n<script type=\"application\/ld+json\" class=\"yoast-schema-graph\">{\"@context\":\"https:\/\/schema.org\",\"@graph\":[{\"@type\":\"WebPage\",\"@id\":\"https:\/\/turisticosdetexmelucan.com\/index.php\/contact-us\/\",\"url\":\"https:\/\/turisticosdetexmelucan.com\/index.php\/contact-us\/\",\"name\":\"Contact Us - Tur\u00edsticos de Texmelucan\",\"isPartOf\":{\"@id\":\"https:\/\/turisticosdetexmelucan.com\/#website\"},\"datePublished\":\"2014-03-18T11:31:06+00:00\",\"dateModified\":\"2023-01-13T20:36:40+00:00\",\"breadcrumb\":{\"@id\":\"https:\/\/turisticosdetexmelucan.com\/index.php\/contact-us\/#breadcrumb\"},\"inLanguage\":\"es\",\"potentialAction\":[{\"@type\":\"ReadAction\",\"target\":[\"https:\/\/turisticosdetexmelucan.com\/index.php\/contact-us\/\"]}]},{\"@type\":\"BreadcrumbList\",\"@id\":\"https:\/\/turisticosdetexmelucan.com\/index.php\/contact-us\/#breadcrumb\",\"itemListElement\":[{\"@type\":\"ListItem\",\"position\":1,\"name\":\"Inicio\",\"item\":\"https:\/\/turisticosdetexmelucan.com\/index.php\/business-template\/\"},{\"@type\":\"ListItem\",\"position\":2,\"name\":\"Contact Us\"}]},{\"@type\":\"WebSite\",\"@id\":\"https:\/\/turisticosdetexmelucan.com\/#website\",\"url\":\"https:\/\/turisticosdetexmelucan.com\/\",\"name\":\"Tur\u00edsticos de Texmelucan\",\"description\":\"Renta de autobuses en San Mart\u00edn Texmelucan\",\"publisher\":{\"@id\":\"https:\/\/turisticosdetexmelucan.com\/#organization\"},\"potentialAction\":[{\"@type\":\"SearchAction\",\"target\":{\"@type\":\"EntryPoint\",\"urlTemplate\":\"https:\/\/turisticosdetexmelucan.com\/?s={search_term_string}\"},\"query-input\":\"required name=search_term_string\"}],\"inLanguage\":\"es\"},{\"@type\":\"Organization\",\"@id\":\"https:\/\/turisticosdetexmelucan.com\/#organization\",\"name\":\"Tur\u00edsticos de Texmelucan\",\"url\":\"https:\/\/turisticosdetexmelucan.com\/\",\"logo\":{\"@type\":\"ImageObject\",\"inLanguage\":\"es\",\"@id\":\"https:\/\/turisticosdetexmelucan.com\/#\/schema\/logo\/image\/\",\"url\":\"https:\/\/turisticosdetexmelucan.com\/wp-content\/uploads\/2021\/05\/cropped-sp-logo-1.png\",\"contentUrl\":\"https:\/\/turisticosdetexmelucan.com\/wp-content\/uploads\/2021\/05\/cropped-sp-logo-1.png\",\"width\":80,\"height\":80,\"caption\":\"Tur\u00edsticos de Texmelucan\"},\"image\":{\"@id\":\"https:\/\/turisticosdetexmelucan.com\/#\/schema\/logo\/image\/\"}}]}<\/script>\n<!-- \/ Yoast SEO plugin. -->","yoast_head_json":{"title":"Contact Us - Tur\u00edsticos de Texmelucan","robots":{"index":"index","follow":"follow","max-snippet":"max-snippet:-1","max-image-preview":"max-image-preview:large","max-video-preview":"max-video-preview:-1"},"canonical":"https:\/\/turisticosdetexmelucan.com\/index.php\/contact-us\/","og_locale":"es_MX","og_type":"article","og_title":"Contact Us - Tur\u00edsticos de Texmelucan","og_description":"This contact form is created using Everest Forms.","og_url":"https:\/\/turisticosdetexmelucan.com\/index.php\/contact-us\/","og_site_name":"Tur\u00edsticos de Texmelucan","article_modified_time":"2023-01-13T20:36:40+00:00","twitter_card":"summary_large_image","twitter_misc":{"Tiempo de lectura":"1 minuto"},"schema":{"@context":"https:\/\/schema.org","@graph":[{"@type":"WebPage","@id":"https:\/\/turisticosdetexmelucan.com\/index.php\/contact-us\/","url":"https:\/\/turisticosdetexmelucan.com\/index.php\/contact-us\/","name":"Contact Us - Tur\u00edsticos de Texmelucan","isPartOf":{"@id":"https:\/\/turisticosdetexmelucan.com\/#website"},"datePublished":"2014-03-18T11:31:06+00:00","dateModified":"2023-01-13T20:36:40+00:00","breadcrumb":{"@id":"https:\/\/turisticosdetexmelucan.com\/index.php\/contact-us\/#breadcrumb"},"inLanguage":"es","potentialAction":[{"@type":"ReadAction","target":["https:\/\/turisticosdetexmelucan.com\/index.php\/contact-us\/"]}]},{"@type":"BreadcrumbList","@id":"https:\/\/turisticosdetexmelucan.com\/index.php\/contact-us\/#breadcrumb","itemListElement":[{"@type":"ListItem","position":1,"name":"Inicio","item":"https:\/\/turisticosdetexmelucan.com\/index.php\/business-template\/"},{"@type":"ListItem","position":2,"name":"Contact Us"}]},{"@type":"WebSite","@id":"https:\/\/turisticosdetexmelucan.com\/#website","url":"https:\/\/turisticosdetexmelucan.com\/","name":"Tur\u00edsticos de Texmelucan","description":"Renta de autobuses en San Mart\u00edn Texmelucan","publisher":{"@id":"https:\/\/turisticosdetexmelucan.com\/#organization"},"potentialAction":[{"@type":"SearchAction","target":{"@type":"EntryPoint","urlTemplate":"https:\/\/turisticosdetexmelucan.com\/?s={search_term_string}"},"query-input":"required name=search_term_string"}],"inLanguage":"es"},{"@type":"Organization","@id":"https:\/\/turisticosdetexmelucan.com\/#organization","name":"Tur\u00edsticos de Texmelucan","url":"https:\/\/turisticosdetexmelucan.com\/","logo":{"@type":"ImageObject","inLanguage":"es","@id":"https:\/\/turisticosdetexmelucan.com\/#\/schema\/logo\/image\/","url":"https:\/\/turisticosdetexmelucan.com\/wp-content\/uploads\/2021\/05\/cropped-sp-logo-1.png","contentUrl":"https:\/\/turisticosdetexmelucan.com\/wp-content\/uploads\/2021\/05\/cropped-sp-logo-1.png","width":80,"height":80,"caption":"Tur\u00edsticos de Texmelucan"},"image":{"@id":"https:\/\/turisticosdetexmelucan.com\/#\/schema\/logo\/image\/"}}]}},"_links":{"self":[{"href":"https:\/\/turisticosdetexmelucan.com\/index.php\/wp-json\/wp\/v2\/pages\/31","targetHints":{"allow":["GET"]}}],"collection":[{"href":"https:\/\/turisticosdetexmelucan.com\/index.php\/wp-json\/wp\/v2\/pages"}],"about":[{"href":"https:\/\/turisticosdetexmelucan.com\/index.php\/wp-json\/wp\/v2\/types\/page"}],"author":[{"embeddable":true,"href":"https:\/\/turisticosdetexmelucan.com\/index.php\/wp-json\/wp\/v2\/users\/1"}],"replies":[{"embeddable":true,"href":"https:\/\/turisticosdetexmelucan.com\/index.php\/wp-json\/wp\/v2\/comments?post=31"}],"version-history":[{"count":11,"href":"https:\/\/turisticosdetexmelucan.com\/index.php\/wp-json\/wp\/v2\/pages\/31\/revisions"}],"predecessor-version":[{"id":703,"href":"https:\/\/turisticosdetexmelucan.com\/index.php\/wp-json\/wp\/v2\/pages\/31\/revisions\/703"}],"wp:attachment":[{"href":"https:\/\/turisticosdetexmelucan.com\/index.php\/wp-json\/wp\/v2\/media?parent=31"}],"curies":[{"name":"wp","href":"https:\/\/api.w.org\/{rel}","templated":true}]}}