{"id":86,"date":"2014-03-21T13:29:10","date_gmt":"2014-03-21T13:29:10","guid":{"rendered":"http:\/\/demo.themegrill.com\/spacious\/?page_id=86"},"modified":"2023-05-04T20:23:52","modified_gmt":"2023-05-04T20:23:52","slug":"recent-work-skateboard","status":"publish","type":"page","link":"https:\/\/turisticosdetexmelucan.com\/index.php\/recent-work-skateboard\/","title":{"rendered":"Autob\u00fas Volvo"},"content":{"rendered":"<ul>\n<li>Conoce este bonito autob\u00fas y goza de todas las comodidades durante tu viaje.<\/li>\n<li>Interiores; el comfort que ofrece este autob\u00fas es incomparable, equipado con TV, video, ba\u00f1o y clima<\/li>\n<li>Amplitud; durante tu viaje gozar\u00e1s de espacios amplios para hacer m\u00e1s grato el recorrido, nuestro autob\u00fas Volvo cumple perfectamente con este requisito.<\/li>\n<li>Comodidad; para disfrutar de una magn\u00edfica panor\u00e1mica, o bien si lo que prefieres es tomar un descanso mientras viajas, definitivamente te sugerimos nuestro Volvo.<\/li>\n<li>Ba\u00f1o; El gabinete de ba\u00f1o es amplio e higi\u00e9nico.<\/li>\n<li><div id='gallery-1' class='gallery galleryid-86 gallery-columns-3 gallery-size-medium'><figure class='gallery-item'>\n\t\t\t<div class='gallery-icon landscape'>\n\t\t\t\t<a href='https:\/\/turisticosdetexmelucan.com\/index.php\/recent-work-skateboard\/olympus-digital-camera-6\/'><img loading=\"lazy\" decoding=\"async\" width=\"300\" height=\"225\" src=\"https:\/\/turisticosdetexmelucan.com\/wp-content\/uploads\/2023\/05\/Volvo-1-300x225.jpg\" class=\"attachment-medium size-medium\" alt=\"\" aria-describedby=\"gallery-1-719\" srcset=\"https:\/\/turisticosdetexmelucan.com\/wp-content\/uploads\/2023\/05\/Volvo-1-300x225.jpg 300w, https:\/\/turisticosdetexmelucan.com\/wp-content\/uploads\/2023\/05\/Volvo-1-600x450.jpg 600w, https:\/\/turisticosdetexmelucan.com\/wp-content\/uploads\/2023\/05\/Volvo-1.jpg 768w\" sizes=\"auto, (max-width: 300px) 100vw, 300px\" \/><\/a>\n\t\t\t<\/div>\n\t\t\t\t<figcaption class='wp-caption-text gallery-caption' id='gallery-1-719'>\n\t\t\t\tAmplitud y comodidad\n\t\t\t\t<\/figcaption><\/figure><figure class='gallery-item'>\n\t\t\t<div class='gallery-icon landscape'>\n\t\t\t\t<a href='https:\/\/turisticosdetexmelucan.com\/index.php\/recent-work-skateboard\/olympus-digital-camera-7\/'><img loading=\"lazy\" decoding=\"async\" width=\"300\" height=\"225\" src=\"https:\/\/turisticosdetexmelucan.com\/wp-content\/uploads\/2023\/05\/Volvo-2-300x225.jpg\" class=\"attachment-medium size-medium\" alt=\"\" aria-describedby=\"gallery-1-720\" srcset=\"https:\/\/turisticosdetexmelucan.com\/wp-content\/uploads\/2023\/05\/Volvo-2-300x225.jpg 300w, https:\/\/turisticosdetexmelucan.com\/wp-content\/uploads\/2023\/05\/Volvo-2-600x450.jpg 600w, https:\/\/turisticosdetexmelucan.com\/wp-content\/uploads\/2023\/05\/Volvo-2.jpg 768w\" sizes=\"auto, (max-width: 300px) 100vw, 300px\" \/><\/a>\n\t\t\t<\/div>\n\t\t\t\t<figcaption class='wp-caption-text gallery-caption' id='gallery-1-720'>\n\t\t\t\tPanor\u00e1mico\n\t\t\t\t<\/figcaption><\/figure><figure class='gallery-item'>\n\t\t\t<div class='gallery-icon landscape'>\n\t\t\t\t<a href='https:\/\/turisticosdetexmelucan.com\/index.php\/recent-work-skateboard\/olympus-digital-camera-8\/'><img loading=\"lazy\" decoding=\"async\" width=\"300\" height=\"225\" src=\"https:\/\/turisticosdetexmelucan.com\/wp-content\/uploads\/2023\/05\/Volvo-3-300x225.jpg\" class=\"attachment-medium size-medium\" alt=\"\" aria-describedby=\"gallery-1-722\" srcset=\"https:\/\/turisticosdetexmelucan.com\/wp-content\/uploads\/2023\/05\/Volvo-3-300x225.jpg 300w, https:\/\/turisticosdetexmelucan.com\/wp-content\/uploads\/2023\/05\/Volvo-3-600x450.jpg 600w, https:\/\/turisticosdetexmelucan.com\/wp-content\/uploads\/2023\/05\/Volvo-3.jpg 768w\" sizes=\"auto, (max-width: 300px) 100vw, 300px\" \/><\/a>\n\t\t\t<\/div>\n\t\t\t\t<figcaption class='wp-caption-text gallery-caption' id='gallery-1-722'>\n\t\t\t\tComfort en tu viaje\n\t\t\t\t<\/figcaption><\/figure><figure class='gallery-item'>\n\t\t\t<div class='gallery-icon landscape'>\n\t\t\t\t<a href='https:\/\/turisticosdetexmelucan.com\/index.php\/recent-work-skateboard\/olympus-digital-camera-9\/'><img loading=\"lazy\" decoding=\"async\" width=\"300\" height=\"225\" src=\"https:\/\/turisticosdetexmelucan.com\/wp-content\/uploads\/2023\/05\/Volvo-4-300x225.jpg\" class=\"attachment-medium size-medium\" alt=\"\" aria-describedby=\"gallery-1-723\" srcset=\"https:\/\/turisticosdetexmelucan.com\/wp-content\/uploads\/2023\/05\/Volvo-4-300x225.jpg 300w, https:\/\/turisticosdetexmelucan.com\/wp-content\/uploads\/2023\/05\/Volvo-4-600x450.jpg 600w, https:\/\/turisticosdetexmelucan.com\/wp-content\/uploads\/2023\/05\/Volvo-4.jpg 768w\" sizes=\"auto, (max-width: 300px) 100vw, 300px\" \/><\/a>\n\t\t\t<\/div>\n\t\t\t\t<figcaption class='wp-caption-text gallery-caption' id='gallery-1-723'>\n\t\t\t\tVolvo\n\t\t\t\t<\/figcaption><\/figure><figure class='gallery-item'>\n\t\t\t<div class='gallery-icon landscape'>\n\t\t\t\t<a href='https:\/\/turisticosdetexmelucan.com\/index.php\/recent-work-skateboard\/olympus-digital-camera-10\/'><img loading=\"lazy\" decoding=\"async\" width=\"300\" height=\"225\" src=\"https:\/\/turisticosdetexmelucan.com\/wp-content\/uploads\/2023\/05\/Volvo-5-300x225.jpg\" class=\"attachment-medium size-medium\" alt=\"\" aria-describedby=\"gallery-1-724\" srcset=\"https:\/\/turisticosdetexmelucan.com\/wp-content\/uploads\/2023\/05\/Volvo-5-300x225.jpg 300w, https:\/\/turisticosdetexmelucan.com\/wp-content\/uploads\/2023\/05\/Volvo-5-600x450.jpg 600w, https:\/\/turisticosdetexmelucan.com\/wp-content\/uploads\/2023\/05\/Volvo-5.jpg 768w\" sizes=\"auto, (max-width: 300px) 100vw, 300px\" \/><\/a>\n\t\t\t<\/div>\n\t\t\t\t<figcaption class='wp-caption-text gallery-caption' id='gallery-1-724'>\n\t\t\t\tDisfruta de tu viaje\n\t\t\t\t<\/figcaption><\/figure>\n\t\t<\/div>\n<\/li>\n<\/ul>\n","protected":false},"excerpt":{"rendered":"<p>Conoce este bonito autob\u00fas y goza de todas las comodidades durante tu viaje. Interiores; el comfort que ofrece este autob\u00fas es incomparable, equipado con TV, video, ba\u00f1o y clima Amplitud; durante tu viaje gozar\u00e1s de espacios amplios para hacer m\u00e1s<\/p>\n","protected":false},"author":1,"featured_media":707,"parent":0,"menu_order":0,"comment_status":"closed","ping_status":"closed","template":"","meta":{"footnotes":""},"class_list":["post-86","page","type-page","status-publish","has-post-thumbnail","hentry"],"yoast_head":"<!-- This site is optimized with the Yoast SEO plugin v21.8 - https:\/\/yoast.com\/wordpress\/plugins\/seo\/ -->\n<title>Autob\u00fas Volvo - Tur\u00edsticos de Texmelucan<\/title>\n<meta name=\"robots\" content=\"index, follow, max-snippet:-1, max-image-preview:large, max-video-preview:-1\" \/>\n<link rel=\"canonical\" href=\"https:\/\/turisticosdetexmelucan.com\/index.php\/recent-work-skateboard\/\" \/>\n<meta property=\"og:locale\" content=\"es_MX\" \/>\n<meta property=\"og:type\" content=\"article\" \/>\n<meta property=\"og:title\" content=\"Autob\u00fas Volvo - Tur\u00edsticos de Texmelucan\" \/>\n<meta property=\"og:description\" content=\"Conoce este bonito autob\u00fas y goza de todas las comodidades durante tu viaje. Interiores; el comfort que ofrece este autob\u00fas es incomparable, equipado con TV, video, ba\u00f1o y clima Amplitud; durante tu viaje gozar\u00e1s de espacios amplios para hacer m\u00e1s\" \/>\n<meta property=\"og:url\" content=\"https:\/\/turisticosdetexmelucan.com\/index.php\/recent-work-skateboard\/\" \/>\n<meta property=\"og:site_name\" content=\"Tur\u00edsticos de Texmelucan\" \/>\n<meta property=\"article:modified_time\" content=\"2023-05-04T20:23:52+00:00\" \/>\n<meta property=\"og:image\" content=\"https:\/\/turisticosdetexmelucan.com\/wp-content\/uploads\/2023\/05\/Volvo-rotulado.jpg\" \/>\n\t<meta property=\"og:image:width\" content=\"768\" \/>\n\t<meta property=\"og:image:height\" content=\"576\" \/>\n\t<meta property=\"og:image:type\" content=\"image\/jpeg\" \/>\n<meta name=\"twitter:card\" content=\"summary_large_image\" \/>\n<meta name=\"twitter:label1\" content=\"Tiempo de lectura\" \/>\n\t<meta name=\"twitter:data1\" content=\"1 minuto\" \/>\n<script type=\"application\/ld+json\" class=\"yoast-schema-graph\">{\"@context\":\"https:\/\/schema.org\",\"@graph\":[{\"@type\":\"WebPage\",\"@id\":\"https:\/\/turisticosdetexmelucan.com\/index.php\/recent-work-skateboard\/\",\"url\":\"https:\/\/turisticosdetexmelucan.com\/index.php\/recent-work-skateboard\/\",\"name\":\"Autob\u00fas Volvo - Tur\u00edsticos de Texmelucan\",\"isPartOf\":{\"@id\":\"https:\/\/turisticosdetexmelucan.com\/#website\"},\"datePublished\":\"2014-03-21T13:29:10+00:00\",\"dateModified\":\"2023-05-04T20:23:52+00:00\",\"breadcrumb\":{\"@id\":\"https:\/\/turisticosdetexmelucan.com\/index.php\/recent-work-skateboard\/#breadcrumb\"},\"inLanguage\":\"es\",\"potentialAction\":[{\"@type\":\"ReadAction\",\"target\":[\"https:\/\/turisticosdetexmelucan.com\/index.php\/recent-work-skateboard\/\"]}]},{\"@type\":\"BreadcrumbList\",\"@id\":\"https:\/\/turisticosdetexmelucan.com\/index.php\/recent-work-skateboard\/#breadcrumb\",\"itemListElement\":[{\"@type\":\"ListItem\",\"position\":1,\"name\":\"Inicio\",\"item\":\"https:\/\/turisticosdetexmelucan.com\/index.php\/business-template\/\"},{\"@type\":\"ListItem\",\"position\":2,\"name\":\"Autob\u00fas Volvo\"}]},{\"@type\":\"WebSite\",\"@id\":\"https:\/\/turisticosdetexmelucan.com\/#website\",\"url\":\"https:\/\/turisticosdetexmelucan.com\/\",\"name\":\"Tur\u00edsticos de Texmelucan\",\"description\":\"Renta de autobuses en San Mart\u00edn Texmelucan\",\"publisher\":{\"@id\":\"https:\/\/turisticosdetexmelucan.com\/#organization\"},\"potentialAction\":[{\"@type\":\"SearchAction\",\"target\":{\"@type\":\"EntryPoint\",\"urlTemplate\":\"https:\/\/turisticosdetexmelucan.com\/?s={search_term_string}\"},\"query-input\":\"required name=search_term_string\"}],\"inLanguage\":\"es\"},{\"@type\":\"Organization\",\"@id\":\"https:\/\/turisticosdetexmelucan.com\/#organization\",\"name\":\"Tur\u00edsticos de Texmelucan\",\"url\":\"https:\/\/turisticosdetexmelucan.com\/\",\"logo\":{\"@type\":\"ImageObject\",\"inLanguage\":\"es\",\"@id\":\"https:\/\/turisticosdetexmelucan.com\/#\/schema\/logo\/image\/\",\"url\":\"https:\/\/turisticosdetexmelucan.com\/wp-content\/uploads\/2021\/05\/cropped-sp-logo-1.png\",\"contentUrl\":\"https:\/\/turisticosdetexmelucan.com\/wp-content\/uploads\/2021\/05\/cropped-sp-logo-1.png\",\"width\":80,\"height\":80,\"caption\":\"Tur\u00edsticos de Texmelucan\"},\"image\":{\"@id\":\"https:\/\/turisticosdetexmelucan.com\/#\/schema\/logo\/image\/\"}}]}<\/script>\n<!-- \/ Yoast SEO plugin. -->","yoast_head_json":{"title":"Autob\u00fas Volvo - Tur\u00edsticos de Texmelucan","robots":{"index":"index","follow":"follow","max-snippet":"max-snippet:-1","max-image-preview":"max-image-preview:large","max-video-preview":"max-video-preview:-1"},"canonical":"https:\/\/turisticosdetexmelucan.com\/index.php\/recent-work-skateboard\/","og_locale":"es_MX","og_type":"article","og_title":"Autob\u00fas Volvo - Tur\u00edsticos de Texmelucan","og_description":"Conoce este bonito autob\u00fas y goza de todas las comodidades durante tu viaje. Interiores; el comfort que ofrece este autob\u00fas es incomparable, equipado con TV, video, ba\u00f1o y clima Amplitud; durante tu viaje gozar\u00e1s de espacios amplios para hacer m\u00e1s","og_url":"https:\/\/turisticosdetexmelucan.com\/index.php\/recent-work-skateboard\/","og_site_name":"Tur\u00edsticos de Texmelucan","article_modified_time":"2023-05-04T20:23:52+00:00","og_image":[{"width":768,"height":576,"url":"https:\/\/turisticosdetexmelucan.com\/wp-content\/uploads\/2023\/05\/Volvo-rotulado.jpg","type":"image\/jpeg"}],"twitter_card":"summary_large_image","twitter_misc":{"Tiempo de lectura":"1 minuto"},"schema":{"@context":"https:\/\/schema.org","@graph":[{"@type":"WebPage","@id":"https:\/\/turisticosdetexmelucan.com\/index.php\/recent-work-skateboard\/","url":"https:\/\/turisticosdetexmelucan.com\/index.php\/recent-work-skateboard\/","name":"Autob\u00fas Volvo - Tur\u00edsticos de Texmelucan","isPartOf":{"@id":"https:\/\/turisticosdetexmelucan.com\/#website"},"datePublished":"2014-03-21T13:29:10+00:00","dateModified":"2023-05-04T20:23:52+00:00","breadcrumb":{"@id":"https:\/\/turisticosdetexmelucan.com\/index.php\/recent-work-skateboard\/#breadcrumb"},"inLanguage":"es","potentialAction":[{"@type":"ReadAction","target":["https:\/\/turisticosdetexmelucan.com\/index.php\/recent-work-skateboard\/"]}]},{"@type":"BreadcrumbList","@id":"https:\/\/turisticosdetexmelucan.com\/index.php\/recent-work-skateboard\/#breadcrumb","itemListElement":[{"@type":"ListItem","position":1,"name":"Inicio","item":"https:\/\/turisticosdetexmelucan.com\/index.php\/business-template\/"},{"@type":"ListItem","position":2,"name":"Autob\u00fas Volvo"}]},{"@type":"WebSite","@id":"https:\/\/turisticosdetexmelucan.com\/#website","url":"https:\/\/turisticosdetexmelucan.com\/","name":"Tur\u00edsticos de Texmelucan","description":"Renta de autobuses en San Mart\u00edn Texmelucan","publisher":{"@id":"https:\/\/turisticosdetexmelucan.com\/#organization"},"potentialAction":[{"@type":"SearchAction","target":{"@type":"EntryPoint","urlTemplate":"https:\/\/turisticosdetexmelucan.com\/?s={search_term_string}"},"query-input":"required name=search_term_string"}],"inLanguage":"es"},{"@type":"Organization","@id":"https:\/\/turisticosdetexmelucan.com\/#organization","name":"Tur\u00edsticos de Texmelucan","url":"https:\/\/turisticosdetexmelucan.com\/","logo":{"@type":"ImageObject","inLanguage":"es","@id":"https:\/\/turisticosdetexmelucan.com\/#\/schema\/logo\/image\/","url":"https:\/\/turisticosdetexmelucan.com\/wp-content\/uploads\/2021\/05\/cropped-sp-logo-1.png","contentUrl":"https:\/\/turisticosdetexmelucan.com\/wp-content\/uploads\/2021\/05\/cropped-sp-logo-1.png","width":80,"height":80,"caption":"Tur\u00edsticos de Texmelucan"},"image":{"@id":"https:\/\/turisticosdetexmelucan.com\/#\/schema\/logo\/image\/"}}]}},"_links":{"self":[{"href":"https:\/\/turisticosdetexmelucan.com\/index.php\/wp-json\/wp\/v2\/pages\/86","targetHints":{"allow":["GET"]}}],"collection":[{"href":"https:\/\/turisticosdetexmelucan.com\/index.php\/wp-json\/wp\/v2\/pages"}],"about":[{"href":"https:\/\/turisticosdetexmelucan.com\/index.php\/wp-json\/wp\/v2\/types\/page"}],"author":[{"embeddable":true,"href":"https:\/\/turisticosdetexmelucan.com\/index.php\/wp-json\/wp\/v2\/users\/1"}],"replies":[{"embeddable":true,"href":"https:\/\/turisticosdetexmelucan.com\/index.php\/wp-json\/wp\/v2\/comments?post=86"}],"version-history":[{"count":3,"href":"https:\/\/turisticosdetexmelucan.com\/index.php\/wp-json\/wp\/v2\/pages\/86\/revisions"}],"predecessor-version":[{"id":725,"href":"https:\/\/turisticosdetexmelucan.com\/index.php\/wp-json\/wp\/v2\/pages\/86\/revisions\/725"}],"wp:featuredmedia":[{"embeddable":true,"href":"https:\/\/turisticosdetexmelucan.com\/index.php\/wp-json\/wp\/v2\/media\/707"}],"wp:attachment":[{"href":"https:\/\/turisticosdetexmelucan.com\/index.php\/wp-json\/wp\/v2\/media?parent=86"}],"curies":[{"name":"wp","href":"https:\/\/api.w.org\/{rel}","templated":true}]}}