{"id":89,"date":"2014-03-21T13:31:19","date_gmt":"2014-03-21T13:31:19","guid":{"rendered":"http:\/\/demo.themegrill.com\/spacious\/?page_id=89"},"modified":"2026-01-20T21:03:38","modified_gmt":"2026-01-20T21:03:38","slug":"recent-work-spectacle","status":"publish","type":"page","link":"https:\/\/turisticosdetexmelucan.com\/index.php\/recent-work-spectacle\/","title":{"rendered":"Camioneta"},"content":{"rendered":"<ul>\n<li>Interiores; el espacio ideal para que viajes c\u00f3modamente, lista para tus pr\u00f3ximas vacaciones en grupo, esta es una magnifica opci\u00f3n para grupos peque\u00f1os de viaje.<\/li>\n<li>Equipaje; cuenta con un espacio apropiado para el equipaje del grupo.<\/li>\n<li>Una opci\u00f3n diferente; descubre lo f\u00e1cil que es viajar, si lo que te interesa es un grupo no tan numeroso para tu viaje no dudes en considerar esta opci\u00f3n.<\/li>\n<li><div id='gallery-1' class='gallery galleryid-89 gallery-columns-3 gallery-size-medium'><figure class='gallery-item'>\n\t\t\t<div class='gallery-icon portrait'>\n\t\t\t\t<a href='https:\/\/turisticosdetexmelucan.com\/index.php\/recent-work-spectacle\/turisticoscamioneta-2-2\/'><img loading=\"lazy\" decoding=\"async\" width=\"169\" height=\"300\" src=\"https:\/\/turisticosdetexmelucan.com\/wp-content\/uploads\/2026\/01\/TuristicosCamioneta-2-169x300.jpeg\" class=\"attachment-medium size-medium\" alt=\"\" srcset=\"https:\/\/turisticosdetexmelucan.com\/wp-content\/uploads\/2026\/01\/TuristicosCamioneta-2-169x300.jpeg 169w, https:\/\/turisticosdetexmelucan.com\/wp-content\/uploads\/2026\/01\/TuristicosCamioneta-2-576x1024.jpeg 576w, https:\/\/turisticosdetexmelucan.com\/wp-content\/uploads\/2026\/01\/TuristicosCamioneta-2-768x1365.jpeg 768w, https:\/\/turisticosdetexmelucan.com\/wp-content\/uploads\/2026\/01\/TuristicosCamioneta-2-864x1536.jpeg 864w, https:\/\/turisticosdetexmelucan.com\/wp-content\/uploads\/2026\/01\/TuristicosCamioneta-2-600x1067.jpeg 600w, https:\/\/turisticosdetexmelucan.com\/wp-content\/uploads\/2026\/01\/TuristicosCamioneta-2.jpeg 900w\" sizes=\"auto, (max-width: 169px) 100vw, 169px\" \/><\/a>\n\t\t\t<\/div><\/figure><figure class='gallery-item'>\n\t\t\t<div class='gallery-icon landscape'>\n\t\t\t\t<a href='https:\/\/turisticosdetexmelucan.com\/index.php\/recent-work-spectacle\/turisticoscamioneta-2-3\/'><img loading=\"lazy\" decoding=\"async\" width=\"300\" height=\"169\" src=\"https:\/\/turisticosdetexmelucan.com\/wp-content\/uploads\/2026\/01\/TuristicosCamioneta-2-1-300x169.png\" class=\"attachment-medium size-medium\" alt=\"\" srcset=\"https:\/\/turisticosdetexmelucan.com\/wp-content\/uploads\/2026\/01\/TuristicosCamioneta-2-1-300x169.png 300w, https:\/\/turisticosdetexmelucan.com\/wp-content\/uploads\/2026\/01\/TuristicosCamioneta-2-1-600x338.png 600w, https:\/\/turisticosdetexmelucan.com\/wp-content\/uploads\/2026\/01\/TuristicosCamioneta-2-1.png 666w\" sizes=\"auto, (max-width: 300px) 100vw, 300px\" \/><\/a>\n\t\t\t<\/div><\/figure><figure class='gallery-item'>\n\t\t\t<div class='gallery-icon portrait'>\n\t\t\t\t<a href='https:\/\/turisticosdetexmelucan.com\/index.php\/recent-work-spectacle\/turisticoscamioneta-3\/'><img loading=\"lazy\" decoding=\"async\" width=\"169\" height=\"300\" src=\"https:\/\/turisticosdetexmelucan.com\/wp-content\/uploads\/2026\/01\/TuristicosCamioneta-3-169x300.jpeg\" class=\"attachment-medium size-medium\" alt=\"\" srcset=\"https:\/\/turisticosdetexmelucan.com\/wp-content\/uploads\/2026\/01\/TuristicosCamioneta-3-169x300.jpeg 169w, https:\/\/turisticosdetexmelucan.com\/wp-content\/uploads\/2026\/01\/TuristicosCamioneta-3-576x1024.jpeg 576w, https:\/\/turisticosdetexmelucan.com\/wp-content\/uploads\/2026\/01\/TuristicosCamioneta-3-768x1365.jpeg 768w, https:\/\/turisticosdetexmelucan.com\/wp-content\/uploads\/2026\/01\/TuristicosCamioneta-3-864x1536.jpeg 864w, https:\/\/turisticosdetexmelucan.com\/wp-content\/uploads\/2026\/01\/TuristicosCamioneta-3-600x1067.jpeg 600w, https:\/\/turisticosdetexmelucan.com\/wp-content\/uploads\/2026\/01\/TuristicosCamioneta-3.jpeg 900w\" sizes=\"auto, (max-width: 169px) 100vw, 169px\" \/><\/a>\n\t\t\t<\/div><\/figure><figure class='gallery-item'>\n\t\t\t<div class='gallery-icon landscape'>\n\t\t\t\t<a href='https:\/\/turisticosdetexmelucan.com\/index.php\/recent-work-spectacle\/turisticoscamioneta-1\/'><img loading=\"lazy\" decoding=\"async\" width=\"300\" height=\"169\" src=\"https:\/\/turisticosdetexmelucan.com\/wp-content\/uploads\/2026\/01\/TuristicosCamioneta-1-300x169.jpeg\" class=\"attachment-medium size-medium\" alt=\"\" srcset=\"https:\/\/turisticosdetexmelucan.com\/wp-content\/uploads\/2026\/01\/TuristicosCamioneta-1-300x169.jpeg 300w, https:\/\/turisticosdetexmelucan.com\/wp-content\/uploads\/2026\/01\/TuristicosCamioneta-1-1024x576.jpeg 1024w, https:\/\/turisticosdetexmelucan.com\/wp-content\/uploads\/2026\/01\/TuristicosCamioneta-1-768x432.jpeg 768w, https:\/\/turisticosdetexmelucan.com\/wp-content\/uploads\/2026\/01\/TuristicosCamioneta-1-1536x864.jpeg 1536w, https:\/\/turisticosdetexmelucan.com\/wp-content\/uploads\/2026\/01\/TuristicosCamioneta-1-600x338.jpeg 600w, https:\/\/turisticosdetexmelucan.com\/wp-content\/uploads\/2026\/01\/TuristicosCamioneta-1.jpeg 1600w\" sizes=\"auto, (max-width: 300px) 100vw, 300px\" \/><\/a>\n\t\t\t<\/div><\/figure>\n\t\t<\/div>\n<\/li>\n<\/ul>\n","protected":false},"excerpt":{"rendered":"<p>Interiores; el espacio ideal para que viajes c\u00f3modamente, lista para tus pr\u00f3ximas vacaciones en grupo, esta es una magnifica opci\u00f3n para grupos peque\u00f1os de viaje. Equipaje; cuenta con un espacio apropiado para el equipaje del grupo. Una opci\u00f3n diferente; descubre<\/p>\n","protected":false},"author":1,"featured_media":743,"parent":0,"menu_order":0,"comment_status":"closed","ping_status":"closed","template":"","meta":{"footnotes":""},"class_list":["post-89","page","type-page","status-publish","has-post-thumbnail","hentry"],"yoast_head":"<!-- This site is optimized with the Yoast SEO plugin v21.8 - https:\/\/yoast.com\/wordpress\/plugins\/seo\/ -->\n<title>Camioneta - Tur\u00edsticos de Texmelucan<\/title>\n<meta name=\"robots\" content=\"index, follow, max-snippet:-1, max-image-preview:large, max-video-preview:-1\" \/>\n<link rel=\"canonical\" href=\"https:\/\/turisticosdetexmelucan.com\/index.php\/recent-work-spectacle\/\" \/>\n<meta property=\"og:locale\" content=\"es_MX\" \/>\n<meta property=\"og:type\" content=\"article\" \/>\n<meta property=\"og:title\" content=\"Camioneta - Tur\u00edsticos de Texmelucan\" \/>\n<meta property=\"og:description\" content=\"Interiores; el espacio ideal para que viajes c\u00f3modamente, lista para tus pr\u00f3ximas vacaciones en grupo, esta es una magnifica opci\u00f3n para grupos peque\u00f1os de viaje. Equipaje; cuenta con un espacio apropiado para el equipaje del grupo. Una opci\u00f3n diferente; descubre\" \/>\n<meta property=\"og:url\" content=\"https:\/\/turisticosdetexmelucan.com\/index.php\/recent-work-spectacle\/\" \/>\n<meta property=\"og:site_name\" content=\"Tur\u00edsticos de Texmelucan\" \/>\n<meta property=\"article:modified_time\" content=\"2026-01-20T21:03:38+00:00\" \/>\n<meta property=\"og:image\" content=\"https:\/\/turisticosdetexmelucan.com\/wp-content\/uploads\/2026\/01\/TuristicosCamioneta-2.png\" \/>\n\t<meta property=\"og:image:width\" content=\"666\" \/>\n\t<meta property=\"og:image:height\" content=\"375\" \/>\n\t<meta property=\"og:image:type\" content=\"image\/png\" \/>\n<meta name=\"twitter:card\" content=\"summary_large_image\" \/>\n<meta name=\"twitter:label1\" content=\"Tiempo de lectura\" \/>\n\t<meta name=\"twitter:data1\" content=\"1 minuto\" \/>\n<script type=\"application\/ld+json\" class=\"yoast-schema-graph\">{\"@context\":\"https:\/\/schema.org\",\"@graph\":[{\"@type\":\"WebPage\",\"@id\":\"https:\/\/turisticosdetexmelucan.com\/index.php\/recent-work-spectacle\/\",\"url\":\"https:\/\/turisticosdetexmelucan.com\/index.php\/recent-work-spectacle\/\",\"name\":\"Camioneta - Tur\u00edsticos de Texmelucan\",\"isPartOf\":{\"@id\":\"https:\/\/turisticosdetexmelucan.com\/#website\"},\"datePublished\":\"2014-03-21T13:31:19+00:00\",\"dateModified\":\"2026-01-20T21:03:38+00:00\",\"breadcrumb\":{\"@id\":\"https:\/\/turisticosdetexmelucan.com\/index.php\/recent-work-spectacle\/#breadcrumb\"},\"inLanguage\":\"es\",\"potentialAction\":[{\"@type\":\"ReadAction\",\"target\":[\"https:\/\/turisticosdetexmelucan.com\/index.php\/recent-work-spectacle\/\"]}]},{\"@type\":\"BreadcrumbList\",\"@id\":\"https:\/\/turisticosdetexmelucan.com\/index.php\/recent-work-spectacle\/#breadcrumb\",\"itemListElement\":[{\"@type\":\"ListItem\",\"position\":1,\"name\":\"Inicio\",\"item\":\"https:\/\/turisticosdetexmelucan.com\/index.php\/business-template\/\"},{\"@type\":\"ListItem\",\"position\":2,\"name\":\"Camioneta\"}]},{\"@type\":\"WebSite\",\"@id\":\"https:\/\/turisticosdetexmelucan.com\/#website\",\"url\":\"https:\/\/turisticosdetexmelucan.com\/\",\"name\":\"Tur\u00edsticos de Texmelucan\",\"description\":\"Renta de autobuses en San Mart\u00edn Texmelucan\",\"publisher\":{\"@id\":\"https:\/\/turisticosdetexmelucan.com\/#organization\"},\"potentialAction\":[{\"@type\":\"SearchAction\",\"target\":{\"@type\":\"EntryPoint\",\"urlTemplate\":\"https:\/\/turisticosdetexmelucan.com\/?s={search_term_string}\"},\"query-input\":\"required name=search_term_string\"}],\"inLanguage\":\"es\"},{\"@type\":\"Organization\",\"@id\":\"https:\/\/turisticosdetexmelucan.com\/#organization\",\"name\":\"Tur\u00edsticos de Texmelucan\",\"url\":\"https:\/\/turisticosdetexmelucan.com\/\",\"logo\":{\"@type\":\"ImageObject\",\"inLanguage\":\"es\",\"@id\":\"https:\/\/turisticosdetexmelucan.com\/#\/schema\/logo\/image\/\",\"url\":\"https:\/\/turisticosdetexmelucan.com\/wp-content\/uploads\/2021\/05\/cropped-sp-logo-1.png\",\"contentUrl\":\"https:\/\/turisticosdetexmelucan.com\/wp-content\/uploads\/2021\/05\/cropped-sp-logo-1.png\",\"width\":80,\"height\":80,\"caption\":\"Tur\u00edsticos de Texmelucan\"},\"image\":{\"@id\":\"https:\/\/turisticosdetexmelucan.com\/#\/schema\/logo\/image\/\"}}]}<\/script>\n<!-- \/ Yoast SEO plugin. -->","yoast_head_json":{"title":"Camioneta - Tur\u00edsticos de Texmelucan","robots":{"index":"index","follow":"follow","max-snippet":"max-snippet:-1","max-image-preview":"max-image-preview:large","max-video-preview":"max-video-preview:-1"},"canonical":"https:\/\/turisticosdetexmelucan.com\/index.php\/recent-work-spectacle\/","og_locale":"es_MX","og_type":"article","og_title":"Camioneta - Tur\u00edsticos de Texmelucan","og_description":"Interiores; el espacio ideal para que viajes c\u00f3modamente, lista para tus pr\u00f3ximas vacaciones en grupo, esta es una magnifica opci\u00f3n para grupos peque\u00f1os de viaje. Equipaje; cuenta con un espacio apropiado para el equipaje del grupo. Una opci\u00f3n diferente; descubre","og_url":"https:\/\/turisticosdetexmelucan.com\/index.php\/recent-work-spectacle\/","og_site_name":"Tur\u00edsticos de Texmelucan","article_modified_time":"2026-01-20T21:03:38+00:00","og_image":[{"width":666,"height":375,"url":"https:\/\/turisticosdetexmelucan.com\/wp-content\/uploads\/2026\/01\/TuristicosCamioneta-2.png","type":"image\/png"}],"twitter_card":"summary_large_image","twitter_misc":{"Tiempo de lectura":"1 minuto"},"schema":{"@context":"https:\/\/schema.org","@graph":[{"@type":"WebPage","@id":"https:\/\/turisticosdetexmelucan.com\/index.php\/recent-work-spectacle\/","url":"https:\/\/turisticosdetexmelucan.com\/index.php\/recent-work-spectacle\/","name":"Camioneta - Tur\u00edsticos de Texmelucan","isPartOf":{"@id":"https:\/\/turisticosdetexmelucan.com\/#website"},"datePublished":"2014-03-21T13:31:19+00:00","dateModified":"2026-01-20T21:03:38+00:00","breadcrumb":{"@id":"https:\/\/turisticosdetexmelucan.com\/index.php\/recent-work-spectacle\/#breadcrumb"},"inLanguage":"es","potentialAction":[{"@type":"ReadAction","target":["https:\/\/turisticosdetexmelucan.com\/index.php\/recent-work-spectacle\/"]}]},{"@type":"BreadcrumbList","@id":"https:\/\/turisticosdetexmelucan.com\/index.php\/recent-work-spectacle\/#breadcrumb","itemListElement":[{"@type":"ListItem","position":1,"name":"Inicio","item":"https:\/\/turisticosdetexmelucan.com\/index.php\/business-template\/"},{"@type":"ListItem","position":2,"name":"Camioneta"}]},{"@type":"WebSite","@id":"https:\/\/turisticosdetexmelucan.com\/#website","url":"https:\/\/turisticosdetexmelucan.com\/","name":"Tur\u00edsticos de Texmelucan","description":"Renta de autobuses en San Mart\u00edn Texmelucan","publisher":{"@id":"https:\/\/turisticosdetexmelucan.com\/#organization"},"potentialAction":[{"@type":"SearchAction","target":{"@type":"EntryPoint","urlTemplate":"https:\/\/turisticosdetexmelucan.com\/?s={search_term_string}"},"query-input":"required name=search_term_string"}],"inLanguage":"es"},{"@type":"Organization","@id":"https:\/\/turisticosdetexmelucan.com\/#organization","name":"Tur\u00edsticos de Texmelucan","url":"https:\/\/turisticosdetexmelucan.com\/","logo":{"@type":"ImageObject","inLanguage":"es","@id":"https:\/\/turisticosdetexmelucan.com\/#\/schema\/logo\/image\/","url":"https:\/\/turisticosdetexmelucan.com\/wp-content\/uploads\/2021\/05\/cropped-sp-logo-1.png","contentUrl":"https:\/\/turisticosdetexmelucan.com\/wp-content\/uploads\/2021\/05\/cropped-sp-logo-1.png","width":80,"height":80,"caption":"Tur\u00edsticos de Texmelucan"},"image":{"@id":"https:\/\/turisticosdetexmelucan.com\/#\/schema\/logo\/image\/"}}]}},"_links":{"self":[{"href":"https:\/\/turisticosdetexmelucan.com\/index.php\/wp-json\/wp\/v2\/pages\/89","targetHints":{"allow":["GET"]}}],"collection":[{"href":"https:\/\/turisticosdetexmelucan.com\/index.php\/wp-json\/wp\/v2\/pages"}],"about":[{"href":"https:\/\/turisticosdetexmelucan.com\/index.php\/wp-json\/wp\/v2\/types\/page"}],"author":[{"embeddable":true,"href":"https:\/\/turisticosdetexmelucan.com\/index.php\/wp-json\/wp\/v2\/users\/1"}],"replies":[{"embeddable":true,"href":"https:\/\/turisticosdetexmelucan.com\/index.php\/wp-json\/wp\/v2\/comments?post=89"}],"version-history":[{"count":3,"href":"https:\/\/turisticosdetexmelucan.com\/index.php\/wp-json\/wp\/v2\/pages\/89\/revisions"}],"predecessor-version":[{"id":748,"href":"https:\/\/turisticosdetexmelucan.com\/index.php\/wp-json\/wp\/v2\/pages\/89\/revisions\/748"}],"wp:featuredmedia":[{"embeddable":true,"href":"https:\/\/turisticosdetexmelucan.com\/index.php\/wp-json\/wp\/v2\/media\/743"}],"wp:attachment":[{"href":"https:\/\/turisticosdetexmelucan.com\/index.php\/wp-json\/wp\/v2\/media?parent=89"}],"curies":[{"name":"wp","href":"https:\/\/api.w.org\/{rel}","templated":true}]}}